{"id":3173,"date":"2022-09-13T16:10:37","date_gmt":"2022-09-13T14:10:37","guid":{"rendered":"https:\/\/www.kinebar.it\/?page_id=3173"},"modified":"2022-09-18T02:14:45","modified_gmt":"2022-09-18T00:14:45","slug":"privacy","status":"publish","type":"page","link":"https:\/\/www.kinebar.it\/?page_id=3173","title":{"rendered":"PRIVACY"},"content":{"rendered":"\t\t<div data-elementor-type=\"wp-post\" data-elementor-id=\"3173\" class=\"elementor elementor-3173\">\n\t\t\t\t\t\t<section class=\"elementor-section elementor-top-section elementor-element elementor-element-8d5b280 elementor-section-boxed elementor-section-height-default elementor-section-height-default\" data-id=\"8d5b280\" data-element_type=\"section\">\n\t\t\t\t\t\t<div class=\"elementor-container elementor-column-gap-default\">\n\t\t\t\t\t<div class=\"elementor-column elementor-col-100 elementor-top-column elementor-element elementor-element-69328df\" data-id=\"69328df\" data-element_type=\"column\">\n\t\t\t<div class=\"elementor-widget-wrap elementor-element-populated\">\n\t\t\t\t\t\t<div class=\"elementor-element elementor-element-8d4d92d elementor-widget elementor-widget-spacer\" data-id=\"8d4d92d\" data-element_type=\"widget\" data-widget_type=\"spacer.default\">\n\t\t\t\t<div class=\"elementor-widget-container\">\n\t\t\t\t\t\t\t<div class=\"elementor-spacer\">\n\t\t\t<div class=\"elementor-spacer-inner\"><\/div>\n\t\t<\/div>\n\t\t\t\t\t\t<\/div>\n\t\t\t\t<\/div>\n\t\t\t\t\t<\/div>\n\t\t<\/div>\n\t\t\t\t\t<\/div>\n\t\t<\/section>\n\t\t\t\t<section class=\"elementor-section elementor-top-section elementor-element elementor-element-d0da35b elementor-section-stretched elementor-section-content-middle elementor-section-boxed elementor-section-height-default elementor-section-height-default\" data-id=\"d0da35b\" data-element_type=\"section\" data-settings=\"{&quot;stretch_section&quot;:&quot;section-stretched&quot;,&quot;background_background&quot;:&quot;classic&quot;}\">\n\t\t\t\t\t\t<div class=\"elementor-container elementor-column-gap-default\">\n\t\t\t\t\t<div class=\"elementor-column elementor-col-100 elementor-top-column elementor-element elementor-element-8e8d0cc\" data-id=\"8e8d0cc\" data-element_type=\"column\">\n\t\t\t<div class=\"elementor-widget-wrap elementor-element-populated\">\n\t\t\t\t\t\t<div class=\"elementor-element elementor-element-f55fa28 elementor-widget elementor-widget-text-editor\" data-id=\"f55fa28\" data-element_type=\"widget\" data-widget_type=\"text-editor.default\">\n\t\t\t\t<div class=\"elementor-widget-container\">\n\t\t\t\t\t\t\t\t\t<h2 style=\"font-size: 22px; line-height: 32px; color: #FFFFFF; margin-block: 0px; margin-bottom: 0px; font-family: Ubuntu, sans-serif;\"><strong>PRIVACY<\/strong><\/h2><div><strong><br><\/strong><\/div>\n<div><\/div>\n<p style=\"padding: 0px; color: #FFFFFF; font-family: Ubuntu, sans-serif; font-size: 14px;\"><strong>MODELLO INFORMATIVA PRIVACY REGOLAMENTO UE 2016\/679<\/strong><\/p>\n<p style=\"padding: 0px; color: #FFFFFF; font-family: Ubuntu, sans-serif; font-size: 14px;\">Il Regolamento UE 2016\/679 (GDPR &#8211; General Data Protection Regulation) prevede che chiunque effettua trattamento di dati personali relativi a persone fisiche \u00e8 tenuto ad informare il soggetto interessato su quali dati vengono trattati e le modalit\u00e0 di trattamento che, in ogni caso, deve avvenire in maniere lecita, corretta e trasparente, assicurando la riservatezza, integrit\u00e0 e disponibilit\u00e0 e, garantendo i diritti dell\u2019interessato.<\/p>\n<p style=\"padding: 0px; color: #FFFFFF; font-family: Ubuntu, sans-serif; font-size: 14px;\">Conformemente a quanto previsto dal GDPR, Bull &amp; Bear srl con sede in Trento Via Mazzini 17 in qualit\u00e0 di Titolare del Trattamento la informa che i suoi dati personali, sono da noi trattati nel modo seguente:<\/p>\n<p style=\"padding: 0px; color: #FFFFFF; font-family: Ubuntu, sans-serif; font-size: 14px;\"><strong>1) Modalit\u00e0 di raccolta dei dati.<\/strong><\/p>\n<p style=\"padding: 0px; color: #FFFFFF; font-family: Ubuntu, sans-serif; font-size: 14px;\">La modalit\u00e0 con cui raccogliamo i suoi dati \u00e8 attraverso la ricezione di ordini on-line e\/o E-mail. I dati di contatto forniti saranno utilizzati per inviare informazioni e\/o formulare e inviare nostre proposte.<\/p>\n<p style=\"padding: 0px; color: #FFFFFF; font-family: Ubuntu, sans-serif; font-size: 14px;\"><strong>2) Quali dati raccogliamo.<\/strong><\/p>\n<p style=\"padding: 0px; color: #FFFFFF; font-family: Ubuntu, sans-serif; font-size: 14px;\">A seconda del livello di interazione, la raccolta e memorizzazione di dati pu\u00f2 essere di vari tipi. Per la richiesta di informazioni sono necessari solo i dati di contatto di base. Se la richiesta si perfeziona in un ordine di acquisto sar\u00e0 necessario raccogliere ulteriori informazioni indispensabili per processare l&#8217;ordine.<\/p>\n<p style=\"padding: 0px; color: #FFFFFF; font-family: Ubuntu, sans-serif; font-size: 14px;\"><strong>3) Finalit\u00e0 di utilizzo dei dati.<\/strong><\/p>\n<p style=\"padding: 0px; color: #FFFFFF; font-family: Ubuntu, sans-serif; font-size: 14px;\">I suoi dati personali possono essere utilizzati per:<\/p>\n<ul style=\"margin-left: 0px; padding-inline-start: 0px; padding-left: 0px; list-style-position: inside; color: #FFFFFF; font-family: Ubuntu, sans-serif; font-size: 14px;\">\n<li>Eseguire gli ordini on-line<\/li>\n<li>Adempimento di obblighi previsti da leggi connessi all&#8217;attivit\u00e0 esercitata<\/li>\n<li>Invio di Newsletter e Report informativi<\/li>\n<\/ul>\n<p style=\"padding: 0px; color: #FFFFFF; font-family: Ubuntu, sans-serif; font-size: 14px;\"><strong>4) Modalit\u00e0 del trattamento.<\/strong><\/p>\n<p style=\"padding: 0px; color: #FFFFFF; font-family: Ubuntu, sans-serif; font-size: 14px;\">Il trattamento dei Suoi dati avverr\u00e0 mediante l\u2019utilizzo di strumenti e procedure idonee a garantirne la sicurezza e la riservatezza e potr\u00e0 essere effettuato sia mediante supporti cartacei, sia attraverso l\u2019ausilio di strumenti informatici.<\/p>\n<p style=\"padding: 0px; color: #FFFFFF; font-family: Ubuntu, sans-serif; font-size: 14px;\"><strong>5) Con chi e come condividiamo i dati.<\/strong><\/p>\n<p style=\"padding: 0px; color: #FFFFFF; font-family: Ubuntu, sans-serif; font-size: 14px;\">I Suoi dati personali non saranno \u201cdiffusi\u201c, cio\u00e8 non saranno messi a conoscenza di soggetti indeterminati; invece, saranno da noi \u201ccomunicati\u201c, cio\u00e8 saranno messi a conoscenza di uno o pi\u00f9 soggetti come specificato:<\/p>\n<ul style=\"margin-left: 0px; padding-inline-start: 0px; padding-left: 0px; list-style-position: inside; color: #FFFFFF; font-family: Ubuntu, sans-serif; font-size: 14px;\">\n<li>Soggetti che hanno la necessit\u00e0 di accedere ai suoi dati per finalit\u00e0 ausiliare al rapporto che intercorre tra Lei e Bull &amp; Bear Srl, nei limiti strettamente necessari per svolgere compiti ausiliari loro affidati (come ad esempio gli istituti di credito):<\/li>\n<li>A soggetti nostri consulenti e collaboratori nei limiti necessari per svolgere il loro incarico professionale per conto di Bull &amp; Bear Srl, (ad esempio Service providers, Commercialista, ecc.);<\/li>\n<li>A soggetti, pubblici, che possono accedere ai dati in forza di disposizioni di legge o di regolamento, nei limiti previsti da tali norme (ad esempio: dell\u2019Amministrazione Finanziaria, ecc.).<\/li>\n<\/ul>\n<p style=\"padding: 0px; color: #FFFFFF; font-family: Ubuntu, sans-serif; font-size: 14px;\"><strong>6) Tempo di conservazione dei dati.<\/strong><\/p>\n<p style=\"padding: 0px; color: #FFFFFF; font-family: Ubuntu, sans-serif; font-size: 14px;\">I suoi dati utilizzati per gli ordini di acquisto all\u2019interno di Bull &amp; Bear srl Srl hanno un tempo di conservazione che \u00e8 funzione dell\u2019utilizzo a cui sono destinati. I dati relativi alle iscrizioni a newsletter e report vengono conservati fino a quanto Lei non desidera pi\u00f9 ricevere la newsletter; la cancellazione avviene inviando una richiesta di cancellazione a info@orolegale.it<\/p>\n<p style=\"padding: 0px; color: #FFFFFF; font-family: Ubuntu, sans-serif; font-size: 14px;\"><strong>7) Diritti dell&#8217;interessato.<\/strong><\/p>\n<p style=\"padding: 0px; color: #FFFFFF; font-family: Ubuntu, sans-serif; font-size: 14px;\">Nelle disposizione del GDPR il Capo III negli articoli 13 e 14 e le comunicazioni di cui agli articoli da 15 a 22 sono riportati i diritti dell\u2019interessato per quanto riguarda il trattamento dei suoi dati personali. Con riferimento ai suindicati articoli, riportiamo le informazioni che l\u2019interessato ha il diritto di ottenere:<\/p>\n<ul style=\"margin-left: 0px; padding-inline-start: 0px; padding-left: 0px; list-style-position: inside; color: #FFFFFF; font-family: Ubuntu, sans-serif; font-size: 14px;\">\n<li>l\u2019identit\u00e0 e i dati di contatto del Titolare del Trattamento;<\/li>\n<li>le finalit\u00e0 del trattamento, e gli eventuali destinatari;<\/li>\n<li>il periodo di conservazione dei dati;<\/li>\n<li>di chiedere al Titolare del Trattamento l\u2019accesso ai propri dati personali (art. 15); la rettifica e cancellazione (art.16) o il diritto alla cancellazione (diritto all\u2019oblio art.17);<\/li>\n<li>di revocare il consenso in qualsiasi momento senza pregiudicare la liceit\u00e0 del trattamento basata sul consenso prima della revoca (art.19);<\/li>\n<li>di proporre reclamo ad all\u2019autorit\u00e0 di controllo (Garante Privacy);<\/li>\n<li>di conoscere se la comunicazione dei dati personali \u00e8 un obbligo legale, contrattuale oppure \u00e8 un requisito necessario per la conclusione di un contratto, nonch\u00e9 le possibili conseguenze della mancata comunicazione di tali dati;<\/li>\n<li>se si \u00e8 in presenza un processo decisionale automatizzato, compresa la profilazione (rif. art. 22);<\/li>\n<li>se il Titolare del Trattamento intende trattare ulteriormente i dati personali per una finalit\u00e0 diversa da quella percui sono stati raccolti; prima di tale ulteriore trattamento deve fornire all\u2019interessato informazioni in merito a tale diversa finalit\u00e0;<\/li>\n<\/ul>\n<p style=\"padding: 0px; color: #FFFFFF; font-family: Ubuntu, sans-serif; font-size: 14px;\">Per esercitare tali diritti Lei potr\u00e0 rivolgersi in qualunque momento a Bull &amp; Bear Srl in qualit\u00e0 di Titolare del trattamento dei Suoi dati personali, inviando all\u2019attenzione del Titolare del Trattamento Dati via&nbsp;email, a info@orolegale.it oppure per&nbsp;posta, a Bull &amp; Bear Srl \u2013 Viale Mazzini,17 38122 Trento.<\/p>\t\t\t\t\t\t\t\t<\/div>\n\t\t\t\t<\/div>\n\t\t\t\t<div class=\"elementor-element elementor-element-6d0cac6 elementor-widget elementor-widget-spacer\" data-id=\"6d0cac6\" data-element_type=\"widget\" data-widget_type=\"spacer.default\">\n\t\t\t\t<div class=\"elementor-widget-container\">\n\t\t\t\t\t\t\t<div class=\"elementor-spacer\">\n\t\t\t<div class=\"elementor-spacer-inner\"><\/div>\n\t\t<\/div>\n\t\t\t\t\t\t<\/div>\n\t\t\t\t<\/div>\n\t\t\t\t\t<\/div>\n\t\t<\/div>\n\t\t\t\t\t<\/div>\n\t\t<\/section>\n\t\t\t\t<\/div>\n\t\t","protected":false},"excerpt":{"rendered":"<p>PRIVACY MODELLO INFORMATIVA PRIVACY REGOLAMENTO UE 2016\/679 Il Regolamento UE 2016\/679 (GDPR &#8211; General Data Protection Regulation) prevede che chiunque effettua trattamento di dati personali relativi a persone fisiche \u00e8 tenuto ad informare il soggetto interessato su quali dati vengono trattati e le modalit\u00e0 di trattamento che, in ogni caso, deve avvenire in maniere lecita, [&hellip;]<\/p>\n","protected":false},"author":1,"featured_media":0,"parent":0,"menu_order":0,"comment_status":"closed","ping_status":"closed","template":"","meta":{"footnotes":""},"class_list":["post-3173","page","type-page","status-publish","hentry"],"yoast_head":"<!-- This site is optimized with the Yoast SEO plugin v24.7 - https:\/\/yoast.com\/wordpress\/plugins\/seo\/ -->\n<title>PRIVACY - Bull &amp; Bear s.r.l.<\/title>\n<meta name=\"description\" content=\"Bull &amp; Bear s.r.l. ha iniziato ad operare nel settore finanziario a Trento nel 1996, collaborando a livello nazionale con i top del settore.\" \/>\n<meta name=\"robots\" content=\"index, follow, max-snippet:-1, max-image-preview:large, max-video-preview:-1\" \/>\n<link rel=\"canonical\" href=\"https:\/\/www.kinebar.it\/?page_id=3173\" \/>\n<meta property=\"og:locale\" content=\"en_US\" \/>\n<meta property=\"og:type\" content=\"article\" \/>\n<meta property=\"og:title\" content=\"PRIVACY - Bull &amp; Bear s.r.l.\" \/>\n<meta property=\"og:description\" content=\"Bull &amp; Bear s.r.l. ha iniziato ad operare nel settore finanziario a Trento nel 1996, collaborando a livello nazionale con i top del settore.\" \/>\n<meta property=\"og:url\" content=\"https:\/\/www.kinebar.it\/?page_id=3173\" \/>\n<meta property=\"og:site_name\" content=\"Kinebar\" \/>\n<meta property=\"article:modified_time\" content=\"2022-09-18T00:14:45+00:00\" \/>\n<meta name=\"twitter:card\" content=\"summary_large_image\" \/>\n<meta name=\"twitter:label1\" content=\"Est. reading time\" \/>\n\t<meta name=\"twitter:data1\" content=\"4 minutes\" \/>\n<script type=\"application\/ld+json\" class=\"yoast-schema-graph\">{\"@context\":\"https:\/\/schema.org\",\"@graph\":[{\"@type\":\"WebPage\",\"@id\":\"https:\/\/www.kinebar.it\/?page_id=3173\",\"url\":\"https:\/\/www.kinebar.it\/?page_id=3173\",\"name\":\"PRIVACY - Bull & Bear s.r.l.\",\"isPartOf\":{\"@id\":\"https:\/\/www.kinebar.it\/#website\"},\"datePublished\":\"2022-09-13T14:10:37+00:00\",\"dateModified\":\"2022-09-18T00:14:45+00:00\",\"description\":\"Bull & Bear s.r.l. ha iniziato ad operare nel settore finanziario a Trento nel 1996, collaborando a livello nazionale con i top del settore.\",\"breadcrumb\":{\"@id\":\"https:\/\/www.kinebar.it\/?page_id=3173#breadcrumb\"},\"inLanguage\":\"en-US\",\"potentialAction\":[{\"@type\":\"ReadAction\",\"target\":[\"https:\/\/www.kinebar.it\/?page_id=3173\"]}]},{\"@type\":\"BreadcrumbList\",\"@id\":\"https:\/\/www.kinebar.it\/?page_id=3173#breadcrumb\",\"itemListElement\":[{\"@type\":\"ListItem\",\"position\":1,\"name\":\"Home\",\"item\":\"https:\/\/www.kinebar.it\/\"},{\"@type\":\"ListItem\",\"position\":2,\"name\":\"PRIVACY\"}]},{\"@type\":\"WebSite\",\"@id\":\"https:\/\/www.kinebar.it\/#website\",\"url\":\"https:\/\/www.kinebar.it\/\",\"name\":\"Kinebar\",\"description\":\"Kinebar\",\"publisher\":{\"@id\":\"https:\/\/www.kinebar.it\/#organization\"},\"potentialAction\":[{\"@type\":\"SearchAction\",\"target\":{\"@type\":\"EntryPoint\",\"urlTemplate\":\"https:\/\/www.kinebar.it\/?s={search_term_string}\"},\"query-input\":{\"@type\":\"PropertyValueSpecification\",\"valueRequired\":true,\"valueName\":\"search_term_string\"}}],\"inLanguage\":\"en-US\"},{\"@type\":\"Organization\",\"@id\":\"https:\/\/www.kinebar.it\/#organization\",\"name\":\"Kinebar\",\"url\":\"https:\/\/www.kinebar.it\/\",\"logo\":{\"@type\":\"ImageObject\",\"inLanguage\":\"en-US\",\"@id\":\"https:\/\/www.kinebar.it\/#\/schema\/logo\/image\/\",\"url\":\"https:\/\/www.kinebar.it\/wp-content\/uploads\/2022\/06\/logo-bb-oro.jpg\",\"contentUrl\":\"https:\/\/www.kinebar.it\/wp-content\/uploads\/2022\/06\/logo-bb-oro.jpg\",\"width\":413,\"height\":283,\"caption\":\"Kinebar\"},\"image\":{\"@id\":\"https:\/\/www.kinebar.it\/#\/schema\/logo\/image\/\"}}]}<\/script>\n<!-- \/ Yoast SEO plugin. -->","yoast_head_json":{"title":"PRIVACY - Bull & Bear s.r.l.","description":"Bull & Bear s.r.l. ha iniziato ad operare nel settore finanziario a Trento nel 1996, collaborando a livello nazionale con i top del settore.","robots":{"index":"index","follow":"follow","max-snippet":"max-snippet:-1","max-image-preview":"max-image-preview:large","max-video-preview":"max-video-preview:-1"},"canonical":"https:\/\/www.kinebar.it\/?page_id=3173","og_locale":"en_US","og_type":"article","og_title":"PRIVACY - Bull & Bear s.r.l.","og_description":"Bull & Bear s.r.l. ha iniziato ad operare nel settore finanziario a Trento nel 1996, collaborando a livello nazionale con i top del settore.","og_url":"https:\/\/www.kinebar.it\/?page_id=3173","og_site_name":"Kinebar","article_modified_time":"2022-09-18T00:14:45+00:00","twitter_card":"summary_large_image","twitter_misc":{"Est. reading time":"4 minutes"},"schema":{"@context":"https:\/\/schema.org","@graph":[{"@type":"WebPage","@id":"https:\/\/www.kinebar.it\/?page_id=3173","url":"https:\/\/www.kinebar.it\/?page_id=3173","name":"PRIVACY - Bull & Bear s.r.l.","isPartOf":{"@id":"https:\/\/www.kinebar.it\/#website"},"datePublished":"2022-09-13T14:10:37+00:00","dateModified":"2022-09-18T00:14:45+00:00","description":"Bull & Bear s.r.l. ha iniziato ad operare nel settore finanziario a Trento nel 1996, collaborando a livello nazionale con i top del settore.","breadcrumb":{"@id":"https:\/\/www.kinebar.it\/?page_id=3173#breadcrumb"},"inLanguage":"en-US","potentialAction":[{"@type":"ReadAction","target":["https:\/\/www.kinebar.it\/?page_id=3173"]}]},{"@type":"BreadcrumbList","@id":"https:\/\/www.kinebar.it\/?page_id=3173#breadcrumb","itemListElement":[{"@type":"ListItem","position":1,"name":"Home","item":"https:\/\/www.kinebar.it\/"},{"@type":"ListItem","position":2,"name":"PRIVACY"}]},{"@type":"WebSite","@id":"https:\/\/www.kinebar.it\/#website","url":"https:\/\/www.kinebar.it\/","name":"Kinebar","description":"Kinebar","publisher":{"@id":"https:\/\/www.kinebar.it\/#organization"},"potentialAction":[{"@type":"SearchAction","target":{"@type":"EntryPoint","urlTemplate":"https:\/\/www.kinebar.it\/?s={search_term_string}"},"query-input":{"@type":"PropertyValueSpecification","valueRequired":true,"valueName":"search_term_string"}}],"inLanguage":"en-US"},{"@type":"Organization","@id":"https:\/\/www.kinebar.it\/#organization","name":"Kinebar","url":"https:\/\/www.kinebar.it\/","logo":{"@type":"ImageObject","inLanguage":"en-US","@id":"https:\/\/www.kinebar.it\/#\/schema\/logo\/image\/","url":"https:\/\/www.kinebar.it\/wp-content\/uploads\/2022\/06\/logo-bb-oro.jpg","contentUrl":"https:\/\/www.kinebar.it\/wp-content\/uploads\/2022\/06\/logo-bb-oro.jpg","width":413,"height":283,"caption":"Kinebar"},"image":{"@id":"https:\/\/www.kinebar.it\/#\/schema\/logo\/image\/"}}]}},"_links":{"self":[{"href":"https:\/\/www.kinebar.it\/index.php?rest_route=\/wp\/v2\/pages\/3173","targetHints":{"allow":["GET"]}}],"collection":[{"href":"https:\/\/www.kinebar.it\/index.php?rest_route=\/wp\/v2\/pages"}],"about":[{"href":"https:\/\/www.kinebar.it\/index.php?rest_route=\/wp\/v2\/types\/page"}],"author":[{"embeddable":true,"href":"https:\/\/www.kinebar.it\/index.php?rest_route=\/wp\/v2\/users\/1"}],"replies":[{"embeddable":true,"href":"https:\/\/www.kinebar.it\/index.php?rest_route=%2Fwp%2Fv2%2Fcomments&post=3173"}],"version-history":[{"count":29,"href":"https:\/\/www.kinebar.it\/index.php?rest_route=\/wp\/v2\/pages\/3173\/revisions"}],"predecessor-version":[{"id":3317,"href":"https:\/\/www.kinebar.it\/index.php?rest_route=\/wp\/v2\/pages\/3173\/revisions\/3317"}],"wp:attachment":[{"href":"https:\/\/www.kinebar.it\/index.php?rest_route=%2Fwp%2Fv2%2Fmedia&parent=3173"}],"curies":[{"name":"wp","href":"https:\/\/api.w.org\/{rel}","templated":true}]}}